{"id":12915,"date":"2019-02-18T07:22:28","date_gmt":"2019-02-18T06:22:28","guid":{"rendered":"http:\/\/www.bsg-rwepowergolf.de\/?page_id=12915"},"modified":"2022-02-19T22:08:22","modified_gmt":"2022-02-19T21:08:22","slug":"dsgvo","status":"publish","type":"page","link":"https:\/\/bsg-rwepowergolf.de\/?page_id=12915","title":{"rendered":"EU-DSGVO"},"content":{"rendered":"<p><strong>Datenschutzerkl\u00e4rung<br \/>\n<\/strong>Der Schutz Ihrer Daten ist uns sehr wichtig. Aus diesem Grund behandeln wir alle auf dieser Website erhobenen Daten entsprechend den Vorschriften des Bundesdatenschutzgesetzes (BDSG), des Informations- und Telekommunikationsdienstegesetzes (IuTDG), der EU-Datenschutzgrundverordnung 2018 (DSGVO) und des EU-US-Datenschutzschildes (Privacy Shield Abkommen zwischen USA und EU). Mit Anwendung der DSGVO 2018 sind wir dazu verpflichtet, der unter <a href=\"https:\/\/eu-datenschutz.org\/\">https:\/\/eu-datenschutz.org\/<\/a> ver\u00f6ffentlichten Grundverordnung Folge zu leisten und unsere Nutzer entsprechend \u00fcber die Erfassung und Auswertung von Daten in Kenntnis zu setzen.<br \/>\nDie BSG-RWE Powergolf e.V. gibt Ihre pers\u00f6nlichen Daten nicht an Dritte weiter und speichert sie nicht au\u00dferhalb der EU.<\/p>\n<p>Bei dem Besuch auf unserer Homepage werden Zugriffsdaten gespeichert. Dabei handelt es sich insbesondere um Ihre IP-Adresse und die von Ihnen aufgerufenen Seiten. Sonstige Daten werden von der BSG-RWE Powergolf e.V. in Form der \u00fcblicherweise von Webservern gespeicherten Verbindungsinformationen erhoben. Dies umfasst u.a. das Zugriffsdatum und die eingesetzte Browsersoftware. Eine Weiterverarbeitung und Auswertung dieser Daten erfolgt nur in anonymisierter Form zu statistischen Zwecken, zur Fehlerermittlung und zur Ermittlung von Einbruchsverfahren.<\/p>\n<p>Dieses Angebot nutzt der Webanalysedienst Google Analytics, ein Programm der Google Inc. (\u201eGoogle, USA\u201c). Die durch das Tracking erfassten Informationen zu Ihrer Nutzung dieser Website werden auf einem Server von Google in den USA gespeichert. Durch eine sogenannte IP-Anonymisierung wird Ihre IP-Adresse von Google innerhalb von Mitgliedstaaten der Europ\u00e4ischen Union oder in anderen Vertragsstaaten des Abkommens \u00fcber den Europ\u00e4ischen Wirtschaftsraum zuvor gek\u00fcrzt. Somit ist der Standort Ihres Browsers lediglich regional zu ortbar, nicht aber Ihrer Person. Google kann damit Besucherverhalten auswerten, um Reports \u00fcber die Websiteaktivit\u00e4ten zusammenzustellen. Auch weitere mit der Websitenutzung und der Internetnutzung verbundene Dienstleistungen k\u00f6nnen so gegen\u00fcber dem Websitebetreiber erbracht werden.<\/p>\n<p>Diese Website verwendet keine Retargeting-Technologie. Wir stellen Dritten keine Daten zur Verf\u00fcgung, um Sie gezielt mit Werbung anzusprechen.<\/p>\n<p>Wenn Sie die BSG-RWE Powergolf e.V. \u00fcber das Kontaktformular dieses Internetauftrittes kontaktieren, werden in Abh\u00e4ngigkeit Ihres Anliegens, insbesondere bei Interesse an einer Mitgliedschaft oder der Anmeldung zu von uns durchgef\u00fchrten Turnieren, Ihre E-Mail-Adresse und Ihr Namen gespeichert, um Sie \u00fcber spezielle Angebote\u00a0 zu unterrichten. Der Speicherung dieser Daten k\u00f6nnen Sie im Kontaktformular oder \u00fcber eine separate E-Mail widersprechen.<\/p>\n<p>Cookies sind Textdateien, die automatisch bei dem Aufruf einer Webseite lokal im Browser des Besuchers abgelegt werden. Diese Website setzt Cookies ein, um das Angebot nutzerfreundlich und funktionaler zu gestalten. Dank dieser Dateien ist es beispielsweise m\u00f6glich, auf individuelle Interessen abgestimmte Informationen auf einer Seite anzuzeigen. Auch Sicherheitsrelevante Funktionen zum Schutz Ihrer Privatsph\u00e4re werden durch den Einsatz von Cookies erm\u00f6glicht. Der ausschlie\u00dfliche Zweck besteht darin, die Seiten-Nutzung f\u00fcr Sie so komfortabel wie m\u00f6glich zu gestalten.<\/p>\n<p><strong>Haftung f\u00fcr Inhalte\u00a0<\/strong><br \/>\nDie Inhalte unserer Seiten wurden mit gr\u00f6\u00dfter Sorgfalt erstellt. F\u00fcr die Richtigkeit, Vollst\u00e4ndigkeit und Aktualit\u00e4t der Inhalte k\u00f6nnen wir jedoch keine Gew\u00e4hr \u00fcbernehmen. Haftung f\u00fcr Links Unser Angebot enth\u00e4lt Links zu externen Webseiten Dritter, auf deren Inhalte wir keinen Einfluss haben. Deshalb k\u00f6nnen wir f\u00fcr diese fremden Inhalte auch keine Gew\u00e4hr \u00fcbernehmen. F\u00fcr die Inhalte der verlinkten Seiten ist stets der jeweilige Anbieter oder Betreiber der Seiten verantwortlich. Die verlinkten Seiten wurden zum Zeitpunkt der Verlinkung auf m\u00f6gliche Rechtsverst\u00f6\u00dfe \u00fcberpr\u00fcft. Rechtswidrige Inhalte waren zum Zeitpunkt der Verlinkung nicht erkennbar. Eine permanente inhaltliche Kontrolle der verlinkten Seiten ist jedoch ohne konkrete Anhaltspunkte einer Rechtsverletzung nicht zumutbar. Bei bekannt werden von Rechtsverletzungen werden wir derartige Links umgehend entfernen.<\/p>\n<p><strong>Urheberrecht\u00a0<\/strong><br \/>\nDie durch die Seitenbetreiber erstellten Inhalte und Werke auf diesen Seiten unterliegen dem deutschen Urheberrecht. Die Vervielf\u00e4ltigung, Bearbeitung, Verbreitung und jede Art der Verwertung au\u00dferhalb der Grenzen des Urheberrechtes bed\u00fcrfen der schriftlichen Zustimmung der BSG-RWE Powergolf e.V.. Downloads und Kopien dieser Seite sind nur f\u00fcr den privaten, nicht kommerziellen Gebrauch gestattet. Die Betreiber der Seiten sind bem\u00fcht, stets die Urheberrechte anderer zu beachten bzw. auf selbst erstellte sowie lizenzfreie Werke zur\u00fcckzugreifen.<\/p>\n<h3 style=\"text-align: left;\"><\/h3>\n","protected":false},"excerpt":{"rendered":"<p>Datenschutzerkl\u00e4rung<br \/>\nDer Schutz Ihrer Daten ist uns sehr wichtig. Aus diesem Grund behandeln wir alle auf dieser Website erhobenen Daten entsprechend den Vorschriften des Bundesdatenschutzgesetzes (BDSG), des Informations- und Telekommunikationsdienstegesetzes (IuTDG), der EU-Datenschutzgrundverordnung 2018 (DSGVO) und des EU-US-Datenschutzschildes (Privacy Shield Abkommen zwischen USA und EU). Mit Anwendung der DSGVO 2018 sind wir dazu verpflichtet, der unter [&#8230;]<\/p>\n","protected":false},"author":165,"featured_media":0,"parent":0,"menu_order":56,"comment_status":"closed","ping_status":"closed","template":"","meta":{"footnotes":""},"_links":{"self":[{"href":"https:\/\/bsg-rwepowergolf.de\/index.php?rest_route=\/wp\/v2\/pages\/12915"}],"collection":[{"href":"https:\/\/bsg-rwepowergolf.de\/index.php?rest_route=\/wp\/v2\/pages"}],"about":[{"href":"https:\/\/bsg-rwepowergolf.de\/index.php?rest_route=\/wp\/v2\/types\/page"}],"author":[{"embeddable":true,"href":"https:\/\/bsg-rwepowergolf.de\/index.php?rest_route=\/wp\/v2\/users\/165"}],"replies":[{"embeddable":true,"href":"https:\/\/bsg-rwepowergolf.de\/index.php?rest_route=%2Fwp%2Fv2%2Fcomments&post=12915"}],"version-history":[{"count":8,"href":"https:\/\/bsg-rwepowergolf.de\/index.php?rest_route=\/wp\/v2\/pages\/12915\/revisions"}],"predecessor-version":[{"id":13778,"href":"https:\/\/bsg-rwepowergolf.de\/index.php?rest_route=\/wp\/v2\/pages\/12915\/revisions\/13778"}],"wp:attachment":[{"href":"https:\/\/bsg-rwepowergolf.de\/index.php?rest_route=%2Fwp%2Fv2%2Fmedia&parent=12915"}],"curies":[{"name":"wp","href":"https:\/\/api.w.org\/{rel}","templated":true}]}}