{"id":3,"date":"2010-02-11T12:44:15","date_gmt":"2010-02-11T11:44:15","guid":{"rendered":"http:\/\/www.rwepowergolf.de\/?page_id=3"},"modified":"2021-12-17T21:14:12","modified_gmt":"2021-12-17T20:14:12","slug":"uber-uns","status":"publish","type":"page","link":"https:\/\/bsg-rwepowergolf.de\/?page_id=3","title":{"rendered":"\u00dcber uns"},"content":{"rendered":"<p><span style=\"color: #ffffff;\">.<\/span><\/p>\n<p>&nbsp;<\/p>\n<p><strong>Aus BSG-RWE Powergolf wird BSG-RWE Powergolf e.V.<\/strong><\/p>\n<p>Am 13.12.2021 fand unsere Neugr\u00fcndung zur BSG-RWE Powergolf e.V. statt.<\/p>\n<p><span style=\"font-size: small;\"><strong>Unsere Ziele:<\/strong><\/span><br \/>\nDie BSG RWE-Powergolf e.V. m\u00f6chte ihren Mitgliedern Golf als Breitensport zug\u00e4nglich machen. Das gilt insbesondere f\u00fcr RWE Mitarbeiter\/innen, ihren Angeh\u00f6rige und Freunden, auch wenn diese nicht dem\u00a0 RWE-Konzern angeh\u00f6ren. Vor diesem Hintergrund sind wir stets auf der Suche nach g\u00fcnstigen Konditionen und Angeboten f\u00fcr unsere Mitglieder.<\/p>\n<p><span style=\"font-size: small;\"><strong>Unsere Angebote:<\/strong><\/span><br \/>\n&#8211; Spielm\u00f6glichkeiten, als BSG-Mitglied, auf verschiedenen Golfpl\u00e4tzen.<br \/>\n&#8211; Informationen \u00fcber Ausbildungsm\u00f6glichkeiten zur Platzreife (PE).<br \/>\n&#8211; Durchf\u00fchrung von internen Turnieren.<br \/>\n&#8211; Teilnahme an externen Turnieren anderer BSG,en<br \/>\n&#8211; Teilnahme an Golfreisen und Golfevents.<br \/>\n&#8211; F\u00f6rderung der Gemeinschaft und Geselligkeit.<br \/>\n&#8211; Mitgliedschaft in einem, dem DGV\u00a0oder \u00d6GV angeschlossenen Golfclub, zu besonderen Konditionen.<\/p>\n<p>Wir hoffen, ihr Interesse am Golfsport geweckt zu haben, und w\u00fcrden uns freuen, auch Sie in unserer Gemeinschaft begr\u00fc\u00dfen zu d\u00fcrfen.<\/p>\n<p>F\u00fcr Fragen stehen wir selbstverst\u00e4ndlich gerne zur Verf\u00fcgung.<\/p>\n<p>Mit sportlichen Gr\u00fc\u00dfen,<\/p>\n<p>Rudolf K\u00f6ntgen<br \/>\n(Vorsitzender)<br \/>\nFriedlandstr.50<br \/>\n50181 Bedburg<br \/>\nTel: 02272 930160<br \/>\nMobil: 0163 3130957<a href=\"mailto:rudolf.koentgen@rwe.com\"><br \/>\n<\/a><a href=\"mailto:vorstand@bsg-rwepowergolf.de\">vorstand@bsg-rwepowergolf.de<\/a><\/p>\n","protected":false},"excerpt":{"rendered":"<p>.<br \/>\n&nbsp;<br \/>\nAus BSG-RWE Powergolf wird BSG-RWE Powergolf e.V.<br \/>\nAm 13.12.2021 fand unsere Neugr\u00fcndung zur BSG-RWE Powergolf e.V. statt.<br \/>\nUnsere Ziele:<br \/>\nDie BSG RWE-Powergolf e.V. m\u00f6chte ihren Mitgliedern Golf als Breitensport zug\u00e4nglich machen. Das gilt insbesondere f\u00fcr RWE Mitarbeiter\/innen, ihren Angeh\u00f6rige und Freunden, auch wenn diese nicht dem\u00a0 RWE-Konzern angeh\u00f6ren. Vor diesem Hintergrund sind wir stets auf der Suche nach [&#8230;]<\/p>\n","protected":false},"author":1,"featured_media":0,"parent":0,"menu_order":1,"comment_status":"closed","ping_status":"closed","template":"","meta":{"footnotes":""},"_links":{"self":[{"href":"https:\/\/bsg-rwepowergolf.de\/index.php?rest_route=\/wp\/v2\/pages\/3"}],"collection":[{"href":"https:\/\/bsg-rwepowergolf.de\/index.php?rest_route=\/wp\/v2\/pages"}],"about":[{"href":"https:\/\/bsg-rwepowergolf.de\/index.php?rest_route=\/wp\/v2\/types\/page"}],"author":[{"embeddable":true,"href":"https:\/\/bsg-rwepowergolf.de\/index.php?rest_route=\/wp\/v2\/users\/1"}],"replies":[{"embeddable":true,"href":"https:\/\/bsg-rwepowergolf.de\/index.php?rest_route=%2Fwp%2Fv2%2Fcomments&post=3"}],"version-history":[{"count":24,"href":"https:\/\/bsg-rwepowergolf.de\/index.php?rest_route=\/wp\/v2\/pages\/3\/revisions"}],"predecessor-version":[{"id":13673,"href":"https:\/\/bsg-rwepowergolf.de\/index.php?rest_route=\/wp\/v2\/pages\/3\/revisions\/13673"}],"wp:attachment":[{"href":"https:\/\/bsg-rwepowergolf.de\/index.php?rest_route=%2Fwp%2Fv2%2Fmedia&parent=3"}],"curies":[{"name":"wp","href":"https:\/\/api.w.org\/{rel}","templated":true}]}}